{"id":15,"date":"2022-08-15T08:25:16","date_gmt":"2022-08-15T08:25:16","guid":{"rendered":"https:\/\/startersites.io\/blocksy\/renovation\/?page_id=15"},"modified":"2026-04-06T21:48:12","modified_gmt":"2026-04-06T21:48:12","slug":"contact","status":"publish","type":"page","link":"https:\/\/idealift.com.tr\/?page_id=15","title":{"rendered":"\u0130leti\u015fim"},"content":{"rendered":"\n<div class=\"wp-block-stackable-columns stk-block-columns stk-block stk-0ef6631\" data-block-id=\"0ef6631\"><style>.stk-0ef6631 {margin-bottom:0px !important;}<\/style><div class=\"stk-row stk-inner-blocks stk-block-content stk-content-align stk-0ef6631-column\">\n<div class=\"wp-block-stackable-column stk-block-column stk-column stk-block stk-16e5ae9\" data-v=\"4\" data-block-id=\"16e5ae9\"><div class=\"stk-column-wrapper stk-block-column__content stk-container stk-16e5ae9-container stk--no-background stk--no-padding\"><div class=\"stk-block-content stk-inner-blocks stk-16e5ae9-inner-blocks\"><\/div><\/div><\/div>\n<\/div><\/div>\n\n\n\n<div class=\"wp-block-stackable-image stk-block-image stk-block stk-97201c1\" data-block-id=\"97201c1\"><style>.stk-97201c1 .stk-img-wrapper{width:78% !important;height:518px !important;}.stk-97201c1 .stk-img-wrapper img{border-radius:var(--stk--preset--border-radius--x-large, 24px) !important;}<\/style><figure><span class=\"stk-img-wrapper stk-image--shape-stretch\"><img loading=\"lazy\" decoding=\"async\" class=\"stk-img wp-image-752\" src=\"https:\/\/idealift.com.tr\/wp-content\/uploads\/2026\/03\/iletisim-1.webp\" width=\"78\" height=\"518\"\/><\/span><\/figure><\/div>\n\n\n\n<div class=\"wp-block-stackable-columns stk-block-columns stk-block stk-a9ecb16\" data-block-id=\"a9ecb16\"><style>.stk-a9ecb16 {margin-bottom:62px !important;}<\/style><div class=\"stk-row stk-inner-blocks stk-block-content stk-content-align stk-a9ecb16-column\">\n<div class=\"wp-block-stackable-column stk-block-column stk-column stk-block stk-087be76\" data-v=\"4\" data-block-id=\"087be76\"><style>.stk-087be76-container{max-width:781px !important;min-width:auto !important;margin-right:auto !important;margin-left:auto !important;}<\/style><div class=\"stk-column-wrapper stk-block-column__content stk-container stk-087be76-container stk-hover-parent\"><div class=\"has-text-align-center stk-block-content stk-inner-blocks stk-087be76-inner-blocks\">\n<p class=\"has-text-align-center alignwide has-x-large-font-size wp-block-paragraph\" data-block-type=\"core\"><strong>\u0130dealift Asans\u00f6r<\/strong><\/p>\n\n\n\n<p class=\"has-text-align-center wp-block-paragraph\" data-block-type=\"core\">Baraj Sk. 21A, 34774 \u0130stanbul, \u00dcmraniye T\u00fcrkiye<\/p>\n\n\n\n<p class=\"has-medium-font-size wp-block-paragraph\" data-block-type=\"core\">&#x260e;&#xfe0f;+90 216 527 24 00<br>&#x1f4f1;+90 506 631 24 24<\/p>\n\n\n\n<p class=\"has-text-align-center wp-block-paragraph\" data-block-type=\"core\"><a href=\"mailto:info@idealift.com.tr\" target=\"_blank\" rel=\"noreferrer noopener\">info@idealift.com.tr<\/a><\/p>\n<\/div><\/div><\/div>\n<\/div><\/div>\n\n\n\n<div style=\"text-align:center;\">\n  <iframe src=\"https:\/\/www.google.com\/maps\/embed?pb=!1m18!1m12!1m3!1d223.7397477464954!2d29.122334469039785!3d41.01932165242643!2m3!1f0!2f0!3f0!3m2!1i1024!2i768!4f13.1!3m3!1m2!1s0x14cac8c4adffe1b7%3A0x1b2615d78f7f0f87!2zxLBkZWFsaWZ0IGFzYW5zw7Zy!5e0!3m2!1str!2str!4v1775511787778!5m2!1str!2str\" width=\"1400\" height=\"600\" style=\"border:0; max-width:100%;\" allowfullscreen=\"\" loading=\"lazy\" referrerpolicy=\"no-referrer-when-downgrade\"><\/iframe>\n<\/div>\n\n\n\n<p class=\"wp-block-paragraph\" data-block-type=\"core\"><\/p>\n","protected":false},"excerpt":{"rendered":"<p>\u0130dealift Asans\u00f6r Baraj Sk. 21A, 34774 \u0130stanbul, \u00dcmraniye T\u00fcrkiye &#x260e;&#xfe0f;+90 216 527 24 00&#x1f4f1;+90 506 631 24 24 info@idealift.com.tr<\/p>\n","protected":false},"author":2,"featured_media":0,"parent":0,"menu_order":0,"comment_status":"closed","ping_status":"closed","template":"","meta":{"_gspb_post_css":"","_crdt_document":"","footnotes":""},"class_list":["post-15","page","type-page","status-publish","hentry"],"blocksy_meta":{"styles_descriptor":{"styles":{"desktop":"","tablet":"","mobile":""},"google_fonts":[],"version":6},"page_title_panel":"","has_hero_section":"disabled","b69d3f455930906fe384ceb626f6c86b":"","hero_section":"type-1","hero_elements":[{"id":"custom_title","enabled":true,"heading_tag":"h1","title":"Home"},{"id":"custom_description","enabled":true,"description_visibility":{"desktop":true,"tablet":true,"mobile":false}},{"id":"custom_meta","enabled":false,"meta_elements":[{"id":"author","enabled":true,"label":"By","has_author_avatar":"yes","avatar_size":25},{"id":"post_date","enabled":true,"label":"On","date_format_source":"default","date_format":"M j, Y"},{"id":"updated_date","enabled":false,"label":"On","date_format_source":"default","date_format":"M j, Y"},{"id":"categories","enabled":false,"label":"In","style":"simple"},{"id":"comments","enabled":true}],"page_meta_elements":{"joined":true,"articles_count":true,"comments":true}},{"id":"breadcrumbs","enabled":false}],"aafa469bca683ea84c544dc8331a781f":"","hero_alignment1":"CT_CSS_SKIP_RULE","hero_margin":40,"hero_alignment2":"center","hero_vertical_alignment":"center","dd3b7105c3502a297881df479d5e3242":"","hero_structure":"narrow","822fd111e4dc9658fb810c493c75148f":"","page_title_bg_type":"featured_image","custom_hero_background":{"attachment_id":null},"page_title_image_size":"full","parallax":{"desktop":false,"tablet":false,"mobile":false},"59e54ce2ea31102df01624e96d5c8911":"","hero_height":"250px","pageTitleFont":{"family":"Default","variation":"Default","size":"30px","line-height":"CT_CSS_SKIP_RULE","letter-spacing":"CT_CSS_SKIP_RULE","text-transform":"CT_CSS_SKIP_RULE","text-decoration":"CT_CSS_SKIP_RULE"},"pageTitleFontColor":{"default":{"color":"CT_CSS_SKIP_RULEDEFAULT"}},"pageMetaFont":{"family":"Default","variation":"n6","size":"12px","line-height":"1.3","letter-spacing":"CT_CSS_SKIP_RULE","text-transform":"uppercase","text-decoration":"CT_CSS_SKIP_RULE"},"pageMetaFontColor":{"default":{"color":"CT_CSS_SKIP_RULEDEFAULT"},"hover":{"color":"CT_CSS_SKIP_RULEDEFAULT"}},"page_meta_button_type_font_colors":{"default":{"color":"CT_CSS_SKIP_RULEDEFAULT"},"hover":{"color":"CT_CSS_SKIP_RULEDEFAULT"}},"page_meta_button_type_background_colors":{"default":{"color":"CT_CSS_SKIP_RULEDEFAULT"},"hover":{"color":"CT_CSS_SKIP_RULEDEFAULT"}},"pageExcerptFont":{"family":"Default","variation":"Default","size":"CT_CSS_SKIP_RULE","line-height":"CT_CSS_SKIP_RULE","letter-spacing":"CT_CSS_SKIP_RULE","text-transform":"CT_CSS_SKIP_RULE","text-decoration":"CT_CSS_SKIP_RULE"},"pageExcerptColor":{"default":{"color":"CT_CSS_SKIP_RULEDEFAULT"}},"breadcrumbsFont":{"family":"Default","variation":"Default","size":"CT_CSS_SKIP_RULE","line-height":"CT_CSS_SKIP_RULE","letter-spacing":"CT_CSS_SKIP_RULE","text-transform":"CT_CSS_SKIP_RULE","text-decoration":"CT_CSS_SKIP_RULE"},"breadcrumbsFontColor":{"default":{"color":"CT_CSS_SKIP_RULEDEFAULT"},"initial":{"color":"CT_CSS_SKIP_RULEDEFAULT"},"hover":{"color":"CT_CSS_SKIP_RULEDEFAULT"}},"pageTitleOverlay":{"background_type":"color","background_pattern":"type-1","background_image":{"attachment_id":null,"x":0,"y":0},"gradient":"linear-gradient(135deg,rgba(6,147,227,1) 0%,rgb(155,81,224) 100%)","background_repeat":"repeat","background_size":"auto","background_attachment":"scroll","patternColor":{"default":{"color":"#e5e7ea"}},"overlayColor":{"default":{"color":"CT_CSS_SKIP_RULE"}},"backgroundColor":{"default":{"color":"CT_CSS_SKIP_RULE"}}},"pageTitleBackground":{"background_type":"color","background_pattern":"type-1","background_image":{"attachment_id":null,"x":0,"y":0},"gradient":"linear-gradient(135deg,rgba(6,147,227,1) 0%,rgb(155,81,224) 100%)","background_repeat":"repeat","background_size":"auto","background_attachment":"scroll","patternColor":{"default":{"color":"#e5e7ea"}},"overlayColor":{"default":{"color":"CT_CSS_SKIP_RULE"}},"backgroundColor":{"default":{"color":"var(--theme-palette-color-6)"}}},"pageTitlePadding":{"top":"50px","bottom":"50px","left":"auto","right":"auto","linked":true},"da078f70f934f1c79a2062971e901545":"","page_structure_type":"default","594536dba050543be66e6a14fab284f5":"","content_style_source":"inherit","content_style":"wide","vertical_spacing_source":"custom","content_area_spacing":"none","background":{"background_type":"color","background_pattern":"type-1","background_image":{"attachment_id":null,"x":0,"y":0},"gradient":"linear-gradient(135deg,rgba(6,147,227,1) 0%,rgb(155,81,224) 100%)","background_repeat":"repeat","background_size":"auto","background_attachment":"scroll","patternColor":{"default":{"color":"#e5e7ea"}},"overlayColor":{"default":{"color":"CT_CSS_SKIP_RULE"}},"backgroundColor":{"default":{"color":"CT_CSS_SKIP_RULE"}}},"content_background":{"background_type":"color","background_pattern":"type-1","background_image":{"attachment_id":null,"x":0,"y":0},"gradient":"linear-gradient(135deg,rgba(6,147,227,1) 0%,rgb(155,81,224) 100%)","background_repeat":"repeat","background_size":"auto","background_attachment":"scroll","patternColor":{"default":{"color":"#e5e7ea"}},"overlayColor":{"default":{"color":"CT_CSS_SKIP_RULE"}},"backgroundColor":{"default":{"color":"var(--theme-palette-color-8)"}}},"content_boxed_shadow":{"inherit":false,"blur":18,"spread":-6,"v_offset":12,"h_offset":0,"inset":false,"enable":true,"color":{"color":"rgba(34, 56, 101, 0.04)"}},"content_boxed_border":{"width":1,"style":"none","color":{"color":"rgba(44,62,80,0.2)"}},"content_boxed_radius":{"top":"3px","bottom":"3px","left":"3px","right":"3px","linked":true},"boxed_content_spacing":{"desktop":{"top":"40px","bottom":"40px","left":"40px","right":"40px","linked":true},"tablet":{"top":"35px","bottom":"35px","left":"35px","right":"35px","linked":true},"mobile":{"top":"20px","bottom":"20px","left":"20px","right":"20px","linked":true}},"a3aa0f7bd36a2dcdd88e1345e748a5c3":"","disable_featured_image":"no","disable_share_box":"no","disable_header":"no","disable_footer":"no"},"_links":{"self":[{"href":"https:\/\/idealift.com.tr\/index.php?rest_route=\/wp\/v2\/pages\/15","targetHints":{"allow":["GET"]}}],"collection":[{"href":"https:\/\/idealift.com.tr\/index.php?rest_route=\/wp\/v2\/pages"}],"about":[{"href":"https:\/\/idealift.com.tr\/index.php?rest_route=\/wp\/v2\/types\/page"}],"author":[{"embeddable":true,"href":"https:\/\/idealift.com.tr\/index.php?rest_route=\/wp\/v2\/users\/2"}],"replies":[{"embeddable":true,"href":"https:\/\/idealift.com.tr\/index.php?rest_route=%2Fwp%2Fv2%2Fcomments&post=15"}],"version-history":[{"count":9,"href":"https:\/\/idealift.com.tr\/index.php?rest_route=\/wp\/v2\/pages\/15\/revisions"}],"predecessor-version":[{"id":798,"href":"https:\/\/idealift.com.tr\/index.php?rest_route=\/wp\/v2\/pages\/15\/revisions\/798"}],"wp:attachment":[{"href":"https:\/\/idealift.com.tr\/index.php?rest_route=%2Fwp%2Fv2%2Fmedia&parent=15"}],"curies":[{"name":"wp","href":"https:\/\/api.w.org\/{rel}","templated":true}]}}