{"id":11,"date":"2022-08-15T08:24:58","date_gmt":"2022-08-15T08:24:58","guid":{"rendered":"https:\/\/startersites.io\/blocksy\/renovation\/?page_id=11"},"modified":"2026-03-24T21:29:17","modified_gmt":"2026-03-24T21:29:17","slug":"about","status":"publish","type":"page","link":"https:\/\/idealift.com.tr\/?page_id=11","title":{"rendered":"Hakk\u0131m\u0131zda"},"content":{"rendered":"\n<h2 id=\"idealift-asansor\" class=\"wp-block-heading\" data-block-type=\"core\">\u0130dealift Asans\u00f6r <\/h2>\n\n\n\n<div class=\"wp-block-stackable-columns stk-block-columns stk-block stk-074c1c8\" data-block-id=\"074c1c8\"><style>.stk-074c1c8 {margin-bottom:82px !important;}<\/style><div class=\"stk-row stk-inner-blocks stk-block-content stk-content-align stk-074c1c8-column\">\n<div class=\"wp-block-stackable-column stk-block-column stk-column stk-block stk-4fc1ede\" data-v=\"4\" data-block-id=\"4fc1ede\"><div class=\"stk-column-wrapper stk-block-column__content stk-container stk-4fc1ede-container stk--no-background stk--no-padding\"><div class=\"stk-block-content stk-inner-blocks stk-4fc1ede-inner-blocks\">\n<div class=\"wp-block-stackable-columns stk-block-columns stk-block stk-9d426bd\" data-block-id=\"9d426bd\"><div class=\"stk-row stk-inner-blocks stk-block-content stk-content-align stk-9d426bd-column\">\n<div class=\"wp-block-stackable-column stk-block-column stk-column stk-block stk-172b6b4\" data-v=\"4\" data-block-id=\"172b6b4\"><div class=\"stk-column-wrapper stk-block-column__content stk-container stk-172b6b4-container stk--no-background stk--no-padding\"><div class=\"stk-block-content stk-inner-blocks stk-172b6b4-inner-blocks\">\n<div class=\"wp-block-stackable-columns stk-block-columns stk-block stk-3cf7e2a\" data-block-id=\"3cf7e2a\"><style>.stk-3cf7e2a {margin-bottom:0px !important;}.stk-3cf7e2a-column{--stk-column-gap:100px !important;}@media screen and (max-width:999px){.stk-3cf7e2a-column{--stk-column-gap:50px !important;}}@media screen and (max-width:689px){.stk-3cf7e2a-column{row-gap:50px !important;}}<\/style><div class=\"stk-row stk-inner-blocks stk-block-content stk-content-align stk-3cf7e2a-column\">\n<div class=\"wp-block-stackable-column stk-block-column stk-column stk-block stk-e649d59\" data-block-id=\"e649d59\"><style>.stk-e649d59-container{margin-top:0px !important;margin-right:0px !important;margin-bottom:0px !important;margin-left:0px !important;}<\/style><div class=\"stk-column-wrapper stk-block-column__content stk-container stk-e649d59-container stk--no-background stk--no-padding\"><div class=\"stk-block-content stk-inner-blocks stk-e649d59-inner-blocks\">\n<p class=\"wp-block-paragraph\" data-block-type=\"core\"><br>Sekt\u00f6rdeki 20 y\u0131l\u0131 a\u015fk\u0131n tecr\u00fcbesiyle, m\u00fc\u015fterilerine g\u00fcvenli, kaliteli ve s\u00fcrd\u00fcr\u00fclebilir asans\u00f6r \u00e7\u00f6z\u00fcmleri sunan \u00f6nc\u00fc bir firmad\u0131r. \u00d6nceli\u011fimiz her zaman can g\u00fcvenli\u011fini sa\u011flamak, ard\u0131ndan ekonomik a\u00e7\u0131dan g\u00fcvenli kullan\u0131m imk\u00e2n\u0131 sunmakt\u0131r.<\/p>\n\n\n\n<p class=\"wp-block-paragraph\" data-block-type=\"core\">Teknolojinin sorumluluk haline geldi\u011fi \u00e7a\u011f\u0131m\u0131zda, firmam\u0131z zaman\u0131n gerisinde kalmak yerine onun \u00f6tesine ge\u00e7meyi hedeflemektedir. Bu vizyon do\u011frultusunda, kamu kurumlar\u0131, ticari yap\u0131lar ve konut projeleri i\u00e7in asans\u00f6r kurulumu, bak\u0131m, ar\u0131za giderme ve revizyon hizmetleri sunmaktay\u0131z.<\/p>\n\n\n\n<p class=\"wp-block-paragraph\" data-block-type=\"core\">Sanayi Bakanl\u0131\u011f\u0131\u2019n\u0131n zorunlu k\u0131ld\u0131\u011f\u0131 y\u0131ll\u0131k muayene s\u00fcre\u00e7lerinde mavi ve ye\u015fil etiket alma yetkinli\u011fine sahip olan firmam\u0131z, alan\u0131nda uzman ve e\u011fitimli teknik ekibiyle 7\/24 hizmet vermektedir. Asans\u00f6rlerinizin kesintisiz ve ar\u0131zas\u0131z \u00e7al\u0131\u015fmas\u0131 i\u00e7in teknolojik \u00e7\u00f6z\u00fcmler geli\u015ftiriyor, uyguluyor ve s\u00fcrekli iyile\u015ftiriyoruz.<\/p>\n\n\n\n<p class=\"wp-block-paragraph\" data-block-type=\"core\">Bilgiye olan tutkumuz, i\u015fimize duydu\u011fumuz sorumluluk ve m\u00fc\u015fterilerimize verdi\u011fimiz y\u00fcksek de\u011ferle, sekt\u00f6rde g\u00fcvenilirli\u011fimizi her ge\u00e7en g\u00fcn daha da peki\u015ftiriyoruz.<\/p>\n<\/div><\/div><\/div>\n<\/div><\/div>\n<\/div><\/div><\/div>\n<\/div><\/div>\n<\/div><\/div><\/div>\n\n\n\n<div class=\"wp-block-stackable-column stk-block-column stk-column stk-block stk-292f25c\" data-v=\"4\" data-block-id=\"292f25c\"><div class=\"stk-column-wrapper stk-block-column__content stk-container stk-292f25c-container stk--no-background stk--no-padding\"><div class=\"stk-block-content stk-inner-blocks stk-292f25c-inner-blocks\">\n<div class=\"wp-block-stackable-image aligncenter stk-block-image has-text-align-center stk-block stk-bb413fd\" data-block-id=\"bb413fd\"><style>.stk-bb413fd .stk-img-wrapper{width:100% !important;height:500px !important;}.stk-bb413fd .stk-img-wrapper img{border-radius:var(--stk--preset--border-radius--large, 16px) !important;}<\/style><figure><span class=\"stk-img-wrapper stk-image--shape-stretch\"><img loading=\"lazy\" decoding=\"async\" class=\"stk-img wp-image-747\" src=\"https:\/\/idealift.com.tr\/wp-content\/uploads\/2026\/03\/hakkimizda-1.webp\" width=\"100\" height=\"500\"\/><\/span><\/figure><\/div>\n<\/div><\/div><\/div>\n<\/div><\/div>\n\n\n\n<p class=\"wp-block-paragraph\" data-block-type=\"core\"><\/p>\n","protected":false},"excerpt":{"rendered":"<p>\u0130dealift Asans\u00f6r Sekt\u00f6rdeki 20 y\u0131l\u0131 a\u015fk\u0131n tecr\u00fcbesiyle, m\u00fc\u015fterilerine g\u00fcvenli, kaliteli ve s\u00fcrd\u00fcr\u00fclebilir asans\u00f6r \u00e7\u00f6z\u00fcmleri sunan \u00f6nc\u00fc bir firmad\u0131r. \u00d6nceli\u011fimiz her zaman can g\u00fcvenli\u011fini sa\u011flamak, ard\u0131ndan ekonomik a\u00e7\u0131dan g\u00fcvenli kullan\u0131m imk\u00e2n\u0131 sunmakt\u0131r. Teknolojinin sorumluluk haline geldi\u011fi \u00e7a\u011f\u0131m\u0131zda, firmam\u0131z zaman\u0131n gerisinde kalmak yerine onun \u00f6tesine ge\u00e7meyi hedeflemektedir. Bu vizyon do\u011frultusunda, kamu kurumlar\u0131, ticari yap\u0131lar ve konut projeleri [&hellip;]<\/p>\n","protected":false},"author":2,"featured_media":0,"parent":0,"menu_order":0,"comment_status":"closed","ping_status":"closed","template":"","meta":{"_gspb_post_css":"","_crdt_document":"","footnotes":""},"class_list":["post-11","page","type-page","status-publish","hentry"],"blocksy_meta":{"styles_descriptor":{"styles":{"desktop":"","tablet":"","mobile":""},"google_fonts":[],"version":6},"page_title_panel":"","has_hero_section":"disabled","92cb9500f94316609064d93a5ddfc517":"","hero_section":"type-1","hero_elements":[{"id":"custom_title","enabled":true,"heading_tag":"h1","title":"Home"},{"id":"custom_description","enabled":true,"description_visibility":{"desktop":true,"tablet":true,"mobile":false}},{"id":"custom_meta","enabled":false,"meta_elements":[{"id":"author","enabled":true,"label":"By","has_author_avatar":"yes","avatar_size":25},{"id":"post_date","enabled":true,"label":"On","date_format_source":"default","date_format":"M j, Y"},{"id":"updated_date","enabled":false,"label":"On","date_format_source":"default","date_format":"M j, Y"},{"id":"categories","enabled":false,"label":"In","style":"simple"},{"id":"comments","enabled":true}],"page_meta_elements":{"joined":true,"articles_count":true,"comments":true}},{"id":"breadcrumbs","enabled":false}],"8a4e2c091d2e7e17dee538ddf05e2381":"","hero_alignment1":"CT_CSS_SKIP_RULE","hero_margin":40,"hero_alignment2":"center","hero_vertical_alignment":"center","b3507b0f630a45253bb4a4241b650d4e":"","hero_structure":"narrow","f94bffa96ba8b9fac8c52268ca0f5e73":"","page_title_bg_type":"featured_image","custom_hero_background":{"attachment_id":null},"page_title_image_size":"full","parallax":{"desktop":false,"tablet":false,"mobile":false},"d64135796b22f09bcc028389b9fb9587":"","hero_height":"250px","pageTitleFont":{"family":"Default","variation":"Default","size":"30px","line-height":"CT_CSS_SKIP_RULE","letter-spacing":"CT_CSS_SKIP_RULE","text-transform":"CT_CSS_SKIP_RULE","text-decoration":"CT_CSS_SKIP_RULE"},"pageTitleFontColor":{"default":{"color":"CT_CSS_SKIP_RULEDEFAULT"}},"pageMetaFont":{"family":"Default","variation":"n6","size":"12px","line-height":"1.3","letter-spacing":"CT_CSS_SKIP_RULE","text-transform":"uppercase","text-decoration":"CT_CSS_SKIP_RULE"},"pageMetaFontColor":{"default":{"color":"CT_CSS_SKIP_RULEDEFAULT"},"hover":{"color":"CT_CSS_SKIP_RULEDEFAULT"}},"page_meta_button_type_font_colors":{"default":{"color":"CT_CSS_SKIP_RULEDEFAULT"},"hover":{"color":"CT_CSS_SKIP_RULEDEFAULT"}},"page_meta_button_type_background_colors":{"default":{"color":"CT_CSS_SKIP_RULEDEFAULT"},"hover":{"color":"CT_CSS_SKIP_RULEDEFAULT"}},"pageExcerptFont":{"family":"Default","variation":"Default","size":"CT_CSS_SKIP_RULE","line-height":"CT_CSS_SKIP_RULE","letter-spacing":"CT_CSS_SKIP_RULE","text-transform":"CT_CSS_SKIP_RULE","text-decoration":"CT_CSS_SKIP_RULE"},"pageExcerptColor":{"default":{"color":"CT_CSS_SKIP_RULEDEFAULT"}},"breadcrumbsFont":{"family":"Default","variation":"Default","size":"CT_CSS_SKIP_RULE","line-height":"CT_CSS_SKIP_RULE","letter-spacing":"CT_CSS_SKIP_RULE","text-transform":"CT_CSS_SKIP_RULE","text-decoration":"CT_CSS_SKIP_RULE"},"breadcrumbsFontColor":{"default":{"color":"CT_CSS_SKIP_RULEDEFAULT"},"initial":{"color":"CT_CSS_SKIP_RULEDEFAULT"},"hover":{"color":"CT_CSS_SKIP_RULEDEFAULT"}},"pageTitleOverlay":{"background_type":"color","background_pattern":"type-1","background_image":{"attachment_id":null,"x":0,"y":0},"gradient":"linear-gradient(135deg,rgba(6,147,227,1) 0%,rgb(155,81,224) 100%)","background_repeat":"repeat","background_size":"auto","background_attachment":"scroll","patternColor":{"default":{"color":"#e5e7ea"}},"overlayColor":{"default":{"color":"CT_CSS_SKIP_RULE"}},"backgroundColor":{"default":{"color":"CT_CSS_SKIP_RULE"}}},"pageTitleBackground":{"background_type":"color","background_pattern":"type-1","background_image":{"attachment_id":null,"x":0,"y":0},"gradient":"linear-gradient(135deg,rgba(6,147,227,1) 0%,rgb(155,81,224) 100%)","background_repeat":"repeat","background_size":"auto","background_attachment":"scroll","patternColor":{"default":{"color":"#e5e7ea"}},"overlayColor":{"default":{"color":"CT_CSS_SKIP_RULE"}},"backgroundColor":{"default":{"color":"var(--theme-palette-color-6)"}}},"pageTitlePadding":{"top":"50px","bottom":"50px","left":"auto","right":"auto","linked":true},"e6a93a576721ee37d251bcfdaab92260":"","page_structure_type":"default","849a66cfd1aae6ed5389c9b2034a6fbd":"","content_style_source":"inherit","content_style":"wide","vertical_spacing_source":"custom","content_area_spacing":"none","background":{"background_type":"color","background_pattern":"type-1","background_image":{"attachment_id":null,"x":0,"y":0},"gradient":"linear-gradient(135deg,rgba(6,147,227,1) 0%,rgb(155,81,224) 100%)","background_repeat":"repeat","background_size":"auto","background_attachment":"scroll","patternColor":{"default":{"color":"#e5e7ea"}},"overlayColor":{"default":{"color":"CT_CSS_SKIP_RULE"}},"backgroundColor":{"default":{"color":"CT_CSS_SKIP_RULE"}}},"content_background":{"background_type":"color","background_pattern":"type-1","background_image":{"attachment_id":null,"x":0,"y":0},"gradient":"linear-gradient(135deg,rgba(6,147,227,1) 0%,rgb(155,81,224) 100%)","background_repeat":"repeat","background_size":"auto","background_attachment":"scroll","patternColor":{"default":{"color":"#e5e7ea"}},"overlayColor":{"default":{"color":"CT_CSS_SKIP_RULE"}},"backgroundColor":{"default":{"color":"var(--theme-palette-color-8)"}}},"content_boxed_shadow":{"inherit":false,"blur":18,"spread":-6,"v_offset":12,"h_offset":0,"inset":false,"enable":true,"color":{"color":"rgba(34, 56, 101, 0.04)"}},"content_boxed_border":{"width":1,"style":"none","color":{"color":"rgba(44,62,80,0.2)"}},"content_boxed_radius":{"top":"3px","bottom":"3px","left":"3px","right":"3px","linked":true},"boxed_content_spacing":{"desktop":{"top":"40px","bottom":"40px","left":"40px","right":"40px","linked":true},"tablet":{"top":"35px","bottom":"35px","left":"35px","right":"35px","linked":true},"mobile":{"top":"20px","bottom":"20px","left":"20px","right":"20px","linked":true}},"36f8458727cc6dd106c846a2ce6c3f72":"","disable_featured_image":"no","disable_share_box":"no","disable_header":"no","disable_footer":"no"},"_links":{"self":[{"href":"https:\/\/idealift.com.tr\/index.php?rest_route=\/wp\/v2\/pages\/11","targetHints":{"allow":["GET"]}}],"collection":[{"href":"https:\/\/idealift.com.tr\/index.php?rest_route=\/wp\/v2\/pages"}],"about":[{"href":"https:\/\/idealift.com.tr\/index.php?rest_route=\/wp\/v2\/types\/page"}],"author":[{"embeddable":true,"href":"https:\/\/idealift.com.tr\/index.php?rest_route=\/wp\/v2\/users\/2"}],"replies":[{"embeddable":true,"href":"https:\/\/idealift.com.tr\/index.php?rest_route=%2Fwp%2Fv2%2Fcomments&post=11"}],"version-history":[{"count":5,"href":"https:\/\/idealift.com.tr\/index.php?rest_route=\/wp\/v2\/pages\/11\/revisions"}],"predecessor-version":[{"id":750,"href":"https:\/\/idealift.com.tr\/index.php?rest_route=\/wp\/v2\/pages\/11\/revisions\/750"}],"wp:attachment":[{"href":"https:\/\/idealift.com.tr\/index.php?rest_route=%2Fwp%2Fv2%2Fmedia&parent=11"}],"curies":[{"name":"wp","href":"https:\/\/api.w.org\/{rel}","templated":true}]}}